{"id":97,"date":"2023-10-13T09:02:19","date_gmt":"2023-10-13T02:02:19","guid":{"rendered":"https:\/\/anminhbuilding.vn\/?post_type=product&#038;p=97"},"modified":"2023-12-09T09:42:27","modified_gmt":"2023-12-09T02:42:27","slug":"kiwi-ruot-vang-new-zealand","status":"publish","type":"product","link":"https:\/\/anminhfruits.vn\/en\/san-pham\/kiwi-ruot-vang-new-zealand\/","title":{"rendered":"Kiwi ru\u1ed9t v\u00e0ng New Zealand"},"content":{"rendered":"<h3>Ngu\u1ed3n g\u1ed1c<\/h3>\n<p>New Zealand<\/p>\n<h3>S\u1ed1 l\u01b0\u1ee3ng<\/h3>\n<p>Kho\u1ea3ng 150- 250g\/tr\u00e1i<\/p>\n<h3>T\u00f3m t\u1eaft<\/h3>\n<p>Kiwi v\u00e0ng cao c\u1ea5p \u0111\u01b0\u1ee3c ch\u1ecdn t\u1eeb nh\u1eefng qu\u1ea3 to, \u0111\u1ec1u \u0111\u1eb9p nh\u1ea5t v\u01b0\u1eddn. S\u1ea3n ph\u1ea9m th\u00edch h\u1ee3p l\u00e0m qu\u00e0 t\u1eb7ng hay mua th\u01b0\u1edfng th\u1ee9c v\u1edbi gia \u0111\u00ecnh trong nh\u1eefng d\u1ecbp \u0111\u1eb7c bi\u1ec7t.<\/p>\n<p>Kiwi v\u00e0ng c\u00f3 \u0111\u00e0i \u1edf \u0111\u1ea7u qu\u1ea3, v\u1ecf n\u00e2u v\u00e0ng, tr\u01a1n nh\u1eb5n, th\u1ecbt m\u00e0u v\u00e0ng, nhi\u1ec1u h\u1ea1t \u0111en t\u1ea1o n\u00ean v\u00f2ng tr\u00f2n xung quanh tr\u1ee5c qu\u1ea3, tr\u00f4ng \u0111\u1eb9p m\u1eaft.<\/p>\n<p>C\u00f3 v\u1ecb ng\u1ecdt h\u01a1n n\u00ean kiwi v\u00e0ng \u0111\u01b0\u1ee3c \u01b0a chu\u1ed9ng h\u01a1n v\u00e0 c\u00f3 gi\u00e1 th\u00e0nh cao h\u01a1n kiwi xanh.<\/p>\n<p>M\u00f9a v\u1ee5 Kiwi t\u1eeb th\u00e1ng 5 \u0111\u1ebfn th\u00e1ng 11.<\/p>\n<h3>V\u1ecb<\/h3>\n<p>Th\u1ecbt m\u1ec1m, ng\u1ecdt thanh.<\/p>\n<h3>Dinh d\u01b0\u1ee1ng<\/h3>\n<p>&#8211; Kiwi cung c\u1ea5p d\u1ed3i d\u00e0o Vitamin C, E, kali v\u00e0 ch\u1ea5t x\u01a1, s\u1eaft, magie,&#8230; t\u1ed1t cho h\u1ec7 mi\u1ec5n d\u1ecbch, ph\u00f2ng ng\u1eeba vi\u00eam gan, n\u00e2ng cao s\u1ef1 mi\u1ec5n d\u1ecbch, ch\u1ed1ng li\u1ec7t d\u01b0\u01a1ng.<\/p>\n<p>&#8211; Ch\u1ee9a nhi\u1ec1u ch\u1ea5t ch\u1ed1ng oxy h\u00f3a m\u1ea1nh, \u00edt calo v\u00e0 kh\u00f4ng ch\u1ee9a cholesterol, ph\u00f2ng tr\u00e1nh ung th\u01b0 v\u00e0 tim m\u1ea1ch, thu\u1eadn l\u1ee3i cho ti\u00eau h\u00f3a, ki\u1ec3m so\u00e1t huy\u1ebft \u00e1p,&#8230;<\/p>\n<p>&#8211; Kiwi v\u00e0ng r\u1ea5t gi\u00e0u dinh d\u01b0\u1ee1ng v\u00e0 vitamin E.<\/p>\n<p>&#8211; M\u1ed9t qu\u1ea3 Kiwi cung c\u1ea5p \u0111\u01b0\u1ee3c 1\/3 n\u0103ng l\u01b0\u1ee3ng c\u1ea7n cho m\u1ed9t ng\u00e0y.<\/p>\n<h3>B\u1ea3o qu\u1ea3n<\/h3>\n<p>&#8211; Kiwi ch\u00edn n\u1ebfu \u0111\u1ec3 v\u00e0o t\u1ee7 l\u1ea1nh s\u1ebd gi\u1eef th\u00eam \u0111\u01b0\u1ee3c 5-7 ng\u00e0y.<\/p>\n<p>&#8211; Ngon h\u01a1n khi \u0111\u1ec3 l\u1ea1nh.<\/p>\n<p>&#8211; C\u00e1ch \u0103n ngon nh\u1ea5t l\u00e0 b\u1ed5 qu\u1ea3 kiwi l\u00e0m \u0111\u00f4i v\u00e0 d\u00f9ng th\u00eca m\u00fac. B\u1eb1ng c\u00e1ch \u0103n n\u00e0y s\u1ebd h\u1ea1n ch\u1ebf d\u1eadp qu\u1ea3 v\u00e0 \u0103n h\u1ebft ph\u1ea7n th\u1ecbt c\u1ee7a qu\u1ea3.<\/p>\n","protected":false},"excerpt":{"rendered":"<p><strong>24\/7 Contact<\/strong><br \/>\n<em>Email:\u00a0sales@anminhbuilding.vn<\/em><br \/>\n<em>Hotline:\u00a002 437 617 462<\/em><\/p>\n","protected":false},"featured_media":2435,"comment_status":"open","ping_status":"closed","template":"","meta":{"site-sidebar-layout":"default","site-content-layout":"","ast-site-content-layout":"default","site-content-style":"default","site-sidebar-style":"default","ast-global-header-display":"","ast-banner-title-visibility":"","ast-main-header-display":"","ast-hfb-above-header-display":"","ast-hfb-below-header-display":"","ast-hfb-mobile-header-display":"","site-post-title":"","ast-breadcrumbs-content":"","ast-featured-img":"","footer-sml-layout":"","theme-transparent-header-meta":"default","adv-header-id-meta":"","stick-header-meta":"default","header-above-stick-meta":"","header-main-stick-meta":"","header-below-stick-meta":"","astra-migrate-meta-layouts":"set"},"product_cat":[28],"product_tag":[],"class_list":["post-97","product","type-product","status-publish","has-post-thumbnail","hentry","product_cat-kiwi","desktop-align-left","tablet-align-left","mobile-align-left","ast-product-gallery-layout-horizontal-slider","ast-product-tabs-layout-horizontal"],"acf":[],"_links":{"self":[{"href":"https:\/\/anminhfruits.vn\/en\/wp-json\/wp\/v2\/product\/97","targetHints":{"allow":["GET"]}}],"collection":[{"href":"https:\/\/anminhfruits.vn\/en\/wp-json\/wp\/v2\/product"}],"about":[{"href":"https:\/\/anminhfruits.vn\/en\/wp-json\/wp\/v2\/types\/product"}],"replies":[{"embeddable":true,"href":"https:\/\/anminhfruits.vn\/en\/wp-json\/wp\/v2\/comments?post=97"}],"wp:featuredmedia":[{"embeddable":true,"href":"https:\/\/anminhfruits.vn\/en\/wp-json\/wp\/v2\/media\/2435"}],"wp:attachment":[{"href":"https:\/\/anminhfruits.vn\/en\/wp-json\/wp\/v2\/media?parent=97"}],"wp:term":[{"taxonomy":"product_cat","embeddable":true,"href":"https:\/\/anminhfruits.vn\/en\/wp-json\/wp\/v2\/product_cat?post=97"},{"taxonomy":"product_tag","embeddable":true,"href":"https:\/\/anminhfruits.vn\/en\/wp-json\/wp\/v2\/product_tag?post=97"}],"curies":[{"name":"wp","href":"https:\/\/api.w.org\/{rel}","templated":true}]}}