{"id":942,"date":"2023-10-17T23:00:43","date_gmt":"2023-10-17T16:00:43","guid":{"rendered":"https:\/\/anminhbuilding.vn\/?post_type=product&#038;p=942"},"modified":"2023-11-16T13:52:19","modified_gmt":"2023-11-16T06:52:19","slug":"nho-xanh-khong-hat-sweet-global","status":"publish","type":"product","link":"https:\/\/anminhfruits.vn\/en\/san-pham\/nho-xanh-khong-hat-sweet-global\/","title":{"rendered":"Nho xanh kh\u00f4ng h\u1ea1t Sweet Global M\u1ef9"},"content":{"rendered":"<div class=\"product-short-description\">\n<h3>Ngu\u1ed3n g\u1ed1c<\/h3>\n<p>M\u1ef9<\/p>\n<h3>S\u1ed1 l\u01b0\u1ee3ng<\/h3>\n<p>1kg kho\u1ea3ng 2-3 ch\u00f9m<\/p>\n<h3>T\u00f3m t\u1eaft<\/h3>\n<p>Nho xanh\u00a0M\u1ef9 c\u00f3 nhi\u1ec1u ch\u1ee7ng lo\u1ea1i: Thompson, Prince c\u00f3 h\u1ea1t, Pristine, Autumn King, Autumn Crisp. trong \u0111\u00f3, lo\u1ea1i nho Autumn Crisp\u00a0kh\u00f4ng h\u1ea1t l\u00e0 lo\u1ea1i \u0111\u01b0\u1ee3c th\u1ecb tr\u01b0\u1eddng r\u1ea5t \u01b0a chu\u1ed9ng b\u1edfi h\u00ecnh d\u00e1ng qu\u1ea3 to, tr\u00f2n; v\u1ecf m\u00e0u xanh h\u1ed5 ph\u00e1ch, m\u1ecfng; l\u1edbp th\u1ecbt d\u00e0y c\u00f3 v\u1ecb kh\u00e1 ng\u1ecdt, c\u1ef1c gi\u00f2n&#8230;<\/p>\n<p>V\u1ee5 m\u00f9a nho Autumn Crisp M\u1ef9 th\u01b0\u1eddng b\u1eaft \u0111\u1ea7u t\u1eeb th\u00e1ng 1 \u0111\u1ebfn th\u00e1ng 4 h\u00e0ng n\u0103m.<\/p>\n<h3>V\u1ecb<\/h3>\n<p>V\u1ecb ng\u1ecdt, gi\u00f2n, th\u1ecbt d\u00e0y<\/p>\n<h3>Dinh d\u01b0\u1ee1ng<\/h3>\n<p>&#8211; Nho xanh l\u00e0 lo\u1ea1i hoa qu\u1ea3 r\u1ea5t gi\u00e0u dinh d\u01b0\u1ee1ng, c\u00f3 t\u00e1c d\u1ee5ng b\u1ed5 t\u00ec, \u00edch kh\u00ed, gi\u00fap c\u01a1 th\u1ec3 kh\u1ecfe m\u1ea1nh, mi\u1ec5n d\u1ecbch t\u1ed1t v\u00e0 l\u00e0m ch\u1eadm qu\u00e1 tr\u00ecnh l\u00e3o h\u00f3a<br \/>\n&#8211; Canxi, kali, photpho, s\u1eaft, vitamin B1, B2, B6, C v\u00e0 c\u00e1c lo\u1ea1i axit amin c\u1ea7n thi\u1ebft cho ng\u01b0\u1eddi suy nh\u01b0\u1ee3c th\u1ea7n kinh v\u00e0 c\u00f3 l\u1ee3i cho ti\u00eau h\u00f3a.<br \/>\n&#8211; H\u1ee3p ch\u1ea5t Resveratrol trong nho xanh, \u0111\u1eb7c bi\u1ec7t l\u00e0 ph\u1ea7n v\u1ecf gi\u00fap gi\u1ea3i \u0111\u1ed9c t\u1ed1, gi\u1ea3m m\u00e1u nhi\u1ec5m m\u1ee1, ch\u1ed1ng t\u1ee5 huy\u1ebft, ph\u00f2ng ch\u1ed1ng x\u01a1 v\u1ee1 \u0111\u1ed9ng m\u1ea1ch v\u00e0 t\u0103ng c\u01b0\u1eddng h\u1ec7 th\u1ed1ng mi\u1ec5n d\u1ecbch cho c\u01a1 th\u1ec3.<\/p>\n<h3>B\u1ea3o qu\u1ea3n<\/h3>\n<p>&#8211; Nho xanh Autumn Crisp kh\u00f4ng t\u0103ng \u0111\u1ed9 \u0111\u01b0\u1eddng sau khi h\u00e1i n\u00ean ch\u1ec9 \u0111\u01b0\u1ee3c thu ho\u1ea1ch l\u00fac ch\u00edn. Nho t\u1eebng ch\u00f9m c\u1ee9ng, r\u1ea5t \u0111\u1eb9p nh\u01b0ng nh\u1ea1y c\u1ea3m v\u00e0 d\u1ec5 r\u1ee5ng.<br \/>\n&#8211; Lo\u1ea1i nho n\u00e0y t\u01b0\u01a1ng \u0111\u1ed1i kh\u00f3 b\u1ea3o qu\u1ea3n v\u00e0 ch\u1ec9 \u0111\u1ec3 t\u01b0\u01a1i \u0111\u01b0\u1ee3c v\u00e0i ng\u00e0y \u1edf nhi\u1ec7t \u0111\u1ed9 th\u01b0\u1eddng n\u00ean ph\u1ea3i \u0103n nhanh.<br \/>\n&#8211; C\u00e1ch b\u1ea3o qu\u1ea3n t\u1ed1t nh\u1ea5t l\u00e0 \u0111\u1ec3 nho ch\u01b0a r\u1eeda v\u00e0o ng\u0103n m\u00e1t t\u1ee7 l\u1ea1nh (nhi\u1ec7t \u0111\u1ed9 0 -4 \u0111\u1ed9 C). C\u1ea9n th\u1eadn \u0111\u1ec3 kh\u00f4ng m\u1ea5t \u0111i l\u1edbp ph\u1ea5n ph\u1ee7 c\u1ee7a nho<\/p>\n<\/div>\n","protected":false},"excerpt":{"rendered":"<p><strong>24\/7 Contact<\/strong><br \/>\n<em>Email:\u00a0sales@anminhbuilding.vn<\/em><br \/>\n<em>Hotline:\u00a002 437 617 462<\/em><\/p>\n","protected":false},"featured_media":939,"comment_status":"open","ping_status":"closed","template":"","meta":{"site-sidebar-layout":"default","site-content-layout":"","ast-site-content-layout":"default","site-content-style":"default","site-sidebar-style":"default","ast-global-header-display":"","ast-banner-title-visibility":"","ast-main-header-display":"","ast-hfb-above-header-display":"","ast-hfb-below-header-display":"","ast-hfb-mobile-header-display":"","site-post-title":"","ast-breadcrumbs-content":"","ast-featured-img":"","footer-sml-layout":"","theme-transparent-header-meta":"default","adv-header-id-meta":"","stick-header-meta":"default","header-above-stick-meta":"","header-main-stick-meta":"","header-below-stick-meta":"","astra-migrate-meta-layouts":"set"},"product_cat":[29],"product_tag":[],"class_list":["post-942","product","type-product","status-publish","has-post-thumbnail","hentry","product_cat-nho","desktop-align-left","tablet-align-left","mobile-align-left","ast-product-gallery-layout-horizontal-slider","ast-product-gallery-with-no-image","ast-product-tabs-layout-horizontal"],"acf":[],"_links":{"self":[{"href":"https:\/\/anminhfruits.vn\/en\/wp-json\/wp\/v2\/product\/942","targetHints":{"allow":["GET"]}}],"collection":[{"href":"https:\/\/anminhfruits.vn\/en\/wp-json\/wp\/v2\/product"}],"about":[{"href":"https:\/\/anminhfruits.vn\/en\/wp-json\/wp\/v2\/types\/product"}],"replies":[{"embeddable":true,"href":"https:\/\/anminhfruits.vn\/en\/wp-json\/wp\/v2\/comments?post=942"}],"wp:featuredmedia":[{"embeddable":true,"href":"https:\/\/anminhfruits.vn\/en\/wp-json\/wp\/v2\/media\/939"}],"wp:attachment":[{"href":"https:\/\/anminhfruits.vn\/en\/wp-json\/wp\/v2\/media?parent=942"}],"wp:term":[{"taxonomy":"product_cat","embeddable":true,"href":"https:\/\/anminhfruits.vn\/en\/wp-json\/wp\/v2\/product_cat?post=942"},{"taxonomy":"product_tag","embeddable":true,"href":"https:\/\/anminhfruits.vn\/en\/wp-json\/wp\/v2\/product_tag?post=942"}],"curies":[{"name":"wp","href":"https:\/\/api.w.org\/{rel}","templated":true}]}}