{"id":938,"date":"2023-10-17T22:55:43","date_gmt":"2023-10-17T15:55:43","guid":{"rendered":"https:\/\/anminhbuilding.vn\/?post_type=product&#038;p=938"},"modified":"2023-11-16T13:54:27","modified_gmt":"2023-11-16T06:54:27","slug":"nho-xanh-air-chief-my","status":"publish","type":"product","link":"https:\/\/anminhfruits.vn\/en\/san-pham\/nho-xanh-air-chief-my\/","title":{"rendered":"Nho xanh Air Chief M\u1ef9"},"content":{"rendered":"<div class=\"product-short-description\">\n<h3>Ngu\u1ed3n g\u1ed1c<\/h3>\n<p>M\u1ef9<\/p>\n<h3>S\u1ed1 l\u01b0\u1ee3ng<\/h3>\n<p>1kg kho\u1ea3ng 2-3 ch\u00f9m<\/p>\n<h3>T\u00f3m t\u1eaft<\/h3>\n<p>L\u00e0 m\u1ed9t trong nh\u1eefng th\u01b0\u01a1ng hi\u1ec7u nho \u0111\u01b0\u1ee3c y\u00eau th\u00edch nh\u1ea5t b\u1edfi \u0111\u1ed9 gi\u00f2n, \u0111\u1ed9 ng\u1ecdt v\u00e0o d\u1ea1ng \u0111\u1ec9nh nh\u1ea5t, nho xanh Air Chief lu\u00f4n \u0111\u01b0\u1ee3c th\u1ecb tr\u01b0\u1eddng ch\u1edd \u0111\u00f3n. Nho Air Chief c\u00f3 h\u00ecnh qu\u1ea3 tr\u00f2n, m\u00e0u xanh m\u01b0\u1edbt, ng\u1ecdt, gi\u00f2n, khi qu\u1ea3 ch\u00edn h\u01a1n s\u1ebd ng\u1ea3 m\u00e0u v\u00e0ng nh\u1ea1t.<\/p>\n<h3>V\u1ecb<\/h3>\n<p>R\u1ea5t gi\u00f2n, ng\u1ecdt<\/p>\n<h3>Dinh d\u01b0\u1ee1ng<\/h3>\n<p>&#8211; Nho xanh l\u00e0 lo\u1ea1i hoa qu\u1ea3 r\u1ea5t gi\u00e0u dinh d\u01b0\u1ee1ng, c\u00f3 t\u00e1c d\u1ee5ng b\u1ed5 t\u00ec, \u00edch kh\u00ed, gi\u00fap c\u01a1 th\u1ec3 kh\u1ecfe m\u1ea1nh, mi\u1ec5n d\u1ecbch t\u1ed1t v\u00e0 l\u00e0m ch\u1eadm qu\u00e1 tr\u00ecnh l\u00e3o h\u00f3a<br \/>\n&#8211; Canxi, kali, photpho, s\u1eaft, vitamin B1, B2, B6, C v\u00e0 c\u00e1c lo\u1ea1i axit amin c\u1ea7n thi\u1ebft cho ng\u01b0\u1eddi suy nh\u01b0\u1ee3c th\u1ea7n kinh v\u00e0 c\u00f3 l\u1ee3i cho ti\u00eau h\u00f3a.<br \/>\n&#8211; H\u1ee3p ch\u1ea5t Resveratrol trong nho xanh, \u0111\u1eb7c bi\u1ec7t l\u00e0 ph\u1ea7n v\u1ecf gi\u00fap gi\u1ea3i \u0111\u1ed9c t\u1ed1, gi\u1ea3m m\u00e1u nhi\u1ec5m m\u1ee1, ch\u1ed1ng t\u1ee5 huy\u1ebft, ph\u00f2ng ch\u1ed1ng x\u01a1 v\u1ee1 \u0111\u1ed9ng m\u1ea1ch v\u00e0 t\u0103ng c\u01b0\u1eddng h\u1ec7 th\u1ed1ng mi\u1ec5n d\u1ecbch cho c\u01a1 th\u1ec3.<\/p>\n<h3>B\u1ea3o qu\u1ea3n<\/h3>\n<p>&#8211; Nho xanh kh\u00f4ng h\u1ea1t Air Chief kh\u00f4ng t\u0103ng \u0111\u1ed9 \u0111\u01b0\u1eddng sau khi h\u00e1i n\u00ean ch\u1ec9 \u0111\u01b0\u1ee3c thu ho\u1ea1ch l\u00fac ch\u00edn. Nho t\u1eebng ch\u00f9m c\u1ee9ng, r\u1ea5t \u0111\u1eb9p nh\u01b0ng nh\u1ea1y c\u1ea3m v\u00e0 d\u1ec5 r\u1ee5ng. &#8211; Lo\u1ea1i nho n\u00e0y t\u01b0\u01a1ng \u0111\u1ed1i kh\u00f3 b\u1ea3o qu\u1ea3n v\u00e0 ch\u1ec9 \u0111\u1ec3 t\u01b0\u01a1i \u0111\u01b0\u1ee3c v\u00e0i ng\u00e0y \u1edf nhi\u1ec7t \u0111\u1ed9 th\u01b0\u1eddng n\u00ean ph\u1ea3i \u0103n nhanh. &#8211; C\u00e1ch b\u1ea3o qu\u1ea3n t\u1ed1t nh\u1ea5t l\u00e0 \u0111\u1ec3 nho ch\u01b0a r\u1eeda v\u00e0o ng\u0103n m\u00e1t t\u1ee7 l\u1ea1nh (nhi\u1ec7t \u0111\u1ed9 0 -4 \u0111\u1ed9 C). C\u1ea9n th\u1eadn \u0111\u1ec3 kh\u00f4ng m\u1ea5t \u0111i l\u1edbp ph\u1ea5n ph\u1ee7 c\u1ee7a nho<\/p>\n<\/div>\n","protected":false},"excerpt":{"rendered":"<p><strong>24\/7 Contact<\/strong><br \/>\n<em>Email:\u00a0sales@anminhbuilding.vn<\/em><br \/>\n<em>Hotline:\u00a002 437 617 462<\/em><\/p>\n","protected":false},"featured_media":860,"comment_status":"open","ping_status":"closed","template":"","meta":{"site-sidebar-layout":"default","site-content-layout":"","ast-site-content-layout":"default","site-content-style":"default","site-sidebar-style":"default","ast-global-header-display":"","ast-banner-title-visibility":"","ast-main-header-display":"","ast-hfb-above-header-display":"","ast-hfb-below-header-display":"","ast-hfb-mobile-header-display":"","site-post-title":"","ast-breadcrumbs-content":"","ast-featured-img":"","footer-sml-layout":"","theme-transparent-header-meta":"default","adv-header-id-meta":"","stick-header-meta":"default","header-above-stick-meta":"","header-main-stick-meta":"","header-below-stick-meta":"","astra-migrate-meta-layouts":"set"},"product_cat":[29],"product_tag":[],"class_list":["post-938","product","type-product","status-publish","has-post-thumbnail","hentry","product_cat-nho","desktop-align-left","tablet-align-left","mobile-align-left","ast-product-gallery-layout-horizontal-slider","ast-product-gallery-with-no-image","ast-product-tabs-layout-horizontal"],"acf":[],"_links":{"self":[{"href":"https:\/\/anminhfruits.vn\/en\/wp-json\/wp\/v2\/product\/938","targetHints":{"allow":["GET"]}}],"collection":[{"href":"https:\/\/anminhfruits.vn\/en\/wp-json\/wp\/v2\/product"}],"about":[{"href":"https:\/\/anminhfruits.vn\/en\/wp-json\/wp\/v2\/types\/product"}],"replies":[{"embeddable":true,"href":"https:\/\/anminhfruits.vn\/en\/wp-json\/wp\/v2\/comments?post=938"}],"wp:featuredmedia":[{"embeddable":true,"href":"https:\/\/anminhfruits.vn\/en\/wp-json\/wp\/v2\/media\/860"}],"wp:attachment":[{"href":"https:\/\/anminhfruits.vn\/en\/wp-json\/wp\/v2\/media?parent=938"}],"wp:term":[{"taxonomy":"product_cat","embeddable":true,"href":"https:\/\/anminhfruits.vn\/en\/wp-json\/wp\/v2\/product_cat?post=938"},{"taxonomy":"product_tag","embeddable":true,"href":"https:\/\/anminhfruits.vn\/en\/wp-json\/wp\/v2\/product_tag?post=938"}],"curies":[{"name":"wp","href":"https:\/\/api.w.org\/{rel}","templated":true}]}}