{"id":936,"date":"2023-10-17T22:51:45","date_gmt":"2023-10-17T15:51:45","guid":{"rendered":"https:\/\/anminhbuilding.vn\/?post_type=product&#038;p=936"},"modified":"2023-11-16T14:05:26","modified_gmt":"2023-11-16T07:05:26","slug":"tao-xanh-grany-smith-my","status":"publish","type":"product","link":"https:\/\/anminhfruits.vn\/en\/san-pham\/tao-xanh-grany-smith-my\/","title":{"rendered":"T\u00e1o Xanh Grany Smith M\u1ef9"},"content":{"rendered":"<h3>Ngu\u1ed3n g\u1ed1c<\/h3>\n<p>M\u1ef9<\/p>\n<h3>S\u1ed1 l\u01b0\u1ee3ng<\/h3>\n<p>Qu\u1ea3 nh\u1ecf, trung b\u00ecnh kho\u1ea3ng 5 \u2013 6 qu\u1ea3\/kg<\/p>\n<h3>T\u00f3m t\u1eaft<\/h3>\n<p>T\u00e1o xanh (t\u00e1o Granny Smith) \u0111\u01b0\u1ee3c ph\u00e1t hi\u1ec7n l\u1ea7n \u0111\u1ea7u ti\u00ean b\u1edfi Maria Ann Smith v\u00e0o n\u0103m 1868 t\u1ea1i khu v\u01b0\u1eddn c\u1ee7a m\u00ecnh t\u1ea1i \u00dac. Sau n\u0103m 1960, n\u00f3 \u0111\u01b0\u1ee3c ra m\u1eaft th\u1ecb tr\u01b0\u1eddng b\u1edfi nh\u1eefng ng\u01b0\u1eddi M\u1ef9, sau \u0111\u00f3 tr\u1ed3ng r\u1ed9ng r\u00e3i \u1edf Ph\u00e1p, New Zealand\u2026<\/p>\n<p>Lo\u1ea1i t\u00e1o n\u00e0y b\u00ean ngo\u00e0i c\u00f3 m\u00e0u xanh ph\u1edbt h\u1ed3ng, b\u00ean trong th\u1ecbt tr\u1eafng, nhi\u1ec1u n\u01b0\u1edbc v\u00e0 chua h\u01a1n nh\u1eefng lo\u1ea1i t\u00e1o m\u00e0u \u0111\u1ecf kh\u00e1c. Do v\u1eady, t\u00e1o xanh th\u01b0\u1eddng \u0111\u01b0\u1ee3c d\u00f9ng \u0111\u1ec3 \u00e9p n\u01b0\u1edbc, l\u00e0m salad.<\/p>\n<p>M\u00f9a v\u1ee5 c\u1ee7a lo\u1ea1i t\u00e1o n\u00e0y t\u1eeb th\u00e1ng 2 h\u00e0ng n\u0103m. Do \u0111\u01b0\u1ee3c b\u1ea3o qu\u1ea3n b\u1eb1ng c\u00f4ng ngh\u1ec7 CA (controlled Atmosphere Storage), t\u00e1o \u0111\u01b0\u1ee3c b\u1ea3o qu\u1ea3n \u0111\u1ebfn 9 th\u00e1ng m\u00e0 v\u1eabn t\u01b0\u01a1i ngon v\u00e0 an to\u00e0n cho s\u1ee9c kh\u1ecfe ng\u01b0\u1eddi d\u00f9ng.<\/p>\n<h3>V\u1ecb<\/h3>\n<p>Nhi\u1ec1u n\u01b0\u1edbc, ng\u1ecdt thanh<\/p>\n<h3>Dinh d\u01b0\u1ee1ng<\/h3>\n<p>&#8211; T\u00e1o xanh cung c\u1ea5p r\u1ea5t nhi\u1ec1u d\u01b0\u1ee1ng ch\u1ea5t cho n\u00e3o v\u00ec trong t\u00e1o c\u00f3 m\u1ed9t l\u01b0\u1ee3ng l\u1edbn nguy\u00ean t\u1ed1 K\u1ebdm (Zn). K\u1ebdm l\u00e0 m\u1ed9t nguy\u00ean t\u1ed1 kh\u00f4ng th\u1ec3 thi\u1ebfu gi\u00fap cho n\u00e3o con ng\u01b0\u1eddi ho\u1ea1t \u0111\u1ed9ng minh m\u1eabn.<\/p>\n<p>&#8211; V\u1ecf t\u00e1o l\u00e0 n\u01a1i ch\u1ee9a nhi\u1ec1u l\u01b0\u1ee3ng vitamin C nh\u1ea5t (chi\u1ebfm 1\/2 t\u1ed5ng l\u01b0\u1ee3ng Vitamin C c\u1ee7a tr\u00e1i t\u00e1o). V\u00ec th\u1ebf, ng\u01b0\u1eddi ta hay khuy\u00ean \u0103n t\u00e1o kh\u00f4ng n\u00ean g\u1ecdt v\u1ecf.<\/p>\n<p>&#8211; T\u00e1o xanh \u0111\u01b0\u1ee3c d\u00f9ng \u00e9p n\u01b0\u1edbc ho\u1eb7c l\u00e0m salad r\u1ea5t ngon<\/p>\n<h3>B\u1ea3o qu\u1ea3n<\/h3>\n<p>B\u1ea3o qu\u1ea3n trong t\u1ee7 l\u1ea1nh gia \u0111\u00ecnh \u1edf nhi\u1ec7t \u0111\u1ed9 t\u1eeb 4 \u0111\u1ebfn 8 \u0111\u1ed9 C, t\u00e1o s\u1ebd gi\u1eef \u0111\u01b0\u1ee3c \u0111\u1ed9 t\u01b0\u01a1i, gi\u00f2n trong v\u00f2ng 1 \u2013 4 tu\u1ea7n.<br \/>\nSau kho\u1ea3ng th\u1eddi gian n\u00e0y ch\u1ea5t l\u01b0\u1ee3ng s\u1ebd gi\u1ea3m d\u1ea7n, v\u00ed d\u1ee5 nh\u01b0: \u0111\u1ed9 gi\u00f2n gi\u1ea3m, qu\u1ea3 h\u00e9o,\u2026 Tuy nhi\u00ean c\u00e0ng \u0111\u1ec3 l\u00e2u th\u00ec tr\u00e1i s\u1ebd c\u00e0ng ng\u1ecdt h\u01a1n nh\u01b0ng kh\u00f4ng gi\u00f2n n\u1eefa.<\/p>\n","protected":false},"excerpt":{"rendered":"<p><strong>24\/7 Contact<\/strong><br \/>\n<em>Email:\u00a0sales@anminhbuilding.vn<\/em><br \/>\n<em>Hotline:\u00a002 437 617 462<\/em><\/p>\n","protected":false},"featured_media":2013,"comment_status":"open","ping_status":"closed","template":"","meta":{"site-sidebar-layout":"default","site-content-layout":"","ast-site-content-layout":"default","site-content-style":"default","site-sidebar-style":"default","ast-global-header-display":"","ast-banner-title-visibility":"","ast-main-header-display":"","ast-hfb-above-header-display":"","ast-hfb-below-header-display":"","ast-hfb-mobile-header-display":"","site-post-title":"","ast-breadcrumbs-content":"","ast-featured-img":"","footer-sml-layout":"","theme-transparent-header-meta":"default","adv-header-id-meta":"","stick-header-meta":"default","header-above-stick-meta":"","header-main-stick-meta":"","header-below-stick-meta":"","astra-migrate-meta-layouts":"set"},"product_cat":[16],"product_tag":[],"class_list":["post-936","product","type-product","status-publish","has-post-thumbnail","hentry","product_cat-tao","desktop-align-left","tablet-align-left","mobile-align-left","ast-product-gallery-layout-horizontal-slider","ast-product-tabs-layout-horizontal"],"acf":[],"_links":{"self":[{"href":"https:\/\/anminhfruits.vn\/en\/wp-json\/wp\/v2\/product\/936","targetHints":{"allow":["GET"]}}],"collection":[{"href":"https:\/\/anminhfruits.vn\/en\/wp-json\/wp\/v2\/product"}],"about":[{"href":"https:\/\/anminhfruits.vn\/en\/wp-json\/wp\/v2\/types\/product"}],"replies":[{"embeddable":true,"href":"https:\/\/anminhfruits.vn\/en\/wp-json\/wp\/v2\/comments?post=936"}],"wp:featuredmedia":[{"embeddable":true,"href":"https:\/\/anminhfruits.vn\/en\/wp-json\/wp\/v2\/media\/2013"}],"wp:attachment":[{"href":"https:\/\/anminhfruits.vn\/en\/wp-json\/wp\/v2\/media?parent=936"}],"wp:term":[{"taxonomy":"product_cat","embeddable":true,"href":"https:\/\/anminhfruits.vn\/en\/wp-json\/wp\/v2\/product_cat?post=936"},{"taxonomy":"product_tag","embeddable":true,"href":"https:\/\/anminhfruits.vn\/en\/wp-json\/wp\/v2\/product_tag?post=936"}],"curies":[{"name":"wp","href":"https:\/\/api.w.org\/{rel}","templated":true}]}}