{"id":85,"date":"2023-10-13T08:56:16","date_gmt":"2023-10-13T01:56:16","guid":{"rendered":"https:\/\/anminhbuilding.vn\/?post_type=product&#038;p=85"},"modified":"2025-01-16T09:28:15","modified_gmt":"2025-01-16T02:28:15","slug":"le-forella-nam-phi","status":"publish","type":"product","link":"https:\/\/anminhfruits.vn\/en\/san-pham\/le-forella-nam-phi\/","title":{"rendered":"L\u00ea Forella Nam Phi"},"content":{"rendered":"<div class=\"product-short-description\">\n<h4><strong>L\u00ea Nam Phi<\/strong><\/h4>\n<table border=\"1\">\n<tbody>\n<tr>\n<td><\/td>\n<td>L\u00ea Nam Phi<\/td>\n<\/tr>\n<tr>\n<td>Ngu\u1ed3n g\u1ed1c<\/td>\n<td>Nam Phi<\/td>\n<\/tr>\n<tr>\n<td>Size<\/td>\n<td>5-6 tr\u00e1i\/kg<\/td>\n<\/tr>\n<tr>\n<td>V\u1ecb<\/td>\n<td>Qu\u1ea3 thu\u00f4n d\u00e0i, gi\u00f2n, ng\u1ecdt<\/td>\n<\/tr>\n<tr>\n<td>T\u00f3m t\u1eaft<\/td>\n<td>Qu\u1ea3 h\u00ecnh chu\u00f4ng nh\u1ecf, tr\u00f2n v\u00e0 thon \u0111\u1ec1u, b\u00ean trong th\u1ecbt tr\u1eafng v\u1edbi h\u01b0\u01a1ng v\u1ecb th\u01a1m m\u00e1t, ng\u1ecdt nh\u1eb9.<\/td>\n<\/tr>\n<tr>\n<td><\/td>\n<td><\/td>\n<\/tr>\n<tr>\n<td><\/td>\n<td><\/td>\n<\/tr>\n<\/tbody>\n<\/table>\n<\/div>\n<div class=\"product_meta\">\n<h3>Dinh d\u01b0\u1ee1ng<\/h3>\n<p>L\u00ea Nam Phi c\u00f3 nhi\u1ec1u ch\u1ea5t x\u01a1 n\u00ean r\u1ea5t t\u1ed1t cho s\u1ee9c kh\u1ecfe, gi\u1ea3m cholesterol trong c\u01a1 th\u1ec3, ng\u0103n ng\u1eeba c\u00e1c b\u1ec7nh ung th\u01b0 v\u00e0 tim m\u1ea1ch. Lo\u1ea1i qu\u1ea3 n\u00e0y c\u00f3 ngu\u1ed3n Vitamin C t\u1ed1t t\u0103ng c\u01b0\u1eddng h\u1ec7 mi\u1ec5n d\u1ecbch cho c\u01a1 th\u1ec3 \u0111\u1ed3ng th\u1eddi tham gia s\u1ea3n xu\u1ea5t nhi\u1ec1u t\u1ebf b\u00e0o h\u1ed3ng c\u1ea7u, t\u1ea1o nhi\u1ec1u m\u00e1u \u0111\u1ecf<br \/>\nH\u00e0m l\u01b0\u1ee3ng Vitamen E, h\u00e0m l\u01b0\u1ee3ng Kali trong qu\u1ea3 r\u1ea5t cao (50mg trong 100g)<br \/>\nQu\u1ea3 L\u00ea c\u00f3 kh\u1ea3 n\u0103ng ph\u00f2ng ch\u1ed1ng ch\u1ee9ng hay m\u1ec7t, \u0111\u1ed3ng th\u1eddi t\u0103ng kh\u1ea3 n\u0103ng ph\u00f2ng ch\u1ed1ng \u0111\u01b0\u1ee3c b\u1ec7nh t\u0103ng huy\u1ebft \u00e1p, s\u01b0ng, \u0111au h\u1ecdng.<\/p>\n<h3>B\u1ea3o qu\u1ea3n<\/h3>\n<p>B\u1ea3o qu\u1ea3n qu\u1ea3 l\u00ea t\u1ed1t nh\u1ea5t \u1edf nhi\u1ec7t \u0111\u1ed9 t\u1eeb 0oC \u0111\u1ebfn 4oC, \u0111\u1ec3 \u1edf nhi\u1ec7t \u0111\u1ed9 th\u01b0\u1eddng 25oC l\u00ea s\u1ebd ch\u00edn sau 1 \u0111\u1ebfn 3 ng\u00e0y. N\u1ebfu \u0111\u1ec3 ch\u00edn qu\u00e1, l\u00ea Nam Phi \u0111\u1ec3 l\u00e2u s\u1ebd m\u1ec1m \u0103n kh\u00f4ng ngon<\/p>\n<\/div>\n<div><\/div>\n<div><\/div>\n","protected":false},"excerpt":{"rendered":"<p><strong>24\/7 Contact<\/strong><br \/>\n<em>Email:\u00a0sales@anminhbuilding.vn<\/em><br \/>\n<em>Hotline:\u00a002 437 617 462<\/em><\/p>\n","protected":false},"featured_media":2411,"comment_status":"open","ping_status":"closed","template":"","meta":{"site-sidebar-layout":"default","site-content-layout":"","ast-site-content-layout":"default","site-content-style":"default","site-sidebar-style":"default","ast-global-header-display":"","ast-banner-title-visibility":"","ast-main-header-display":"","ast-hfb-above-header-display":"","ast-hfb-below-header-display":"","ast-hfb-mobile-header-display":"","site-post-title":"","ast-breadcrumbs-content":"","ast-featured-img":"","footer-sml-layout":"","theme-transparent-header-meta":"default","adv-header-id-meta":"","stick-header-meta":"default","header-above-stick-meta":"","header-main-stick-meta":"","header-below-stick-meta":"","astra-migrate-meta-layouts":"set"},"product_cat":[31],"product_tag":[],"class_list":["post-85","product","type-product","status-publish","has-post-thumbnail","hentry","product_cat-le","desktop-align-left","tablet-align-left","mobile-align-left","ast-product-gallery-layout-horizontal-slider","ast-product-tabs-layout-horizontal"],"acf":[],"_links":{"self":[{"href":"https:\/\/anminhfruits.vn\/en\/wp-json\/wp\/v2\/product\/85","targetHints":{"allow":["GET"]}}],"collection":[{"href":"https:\/\/anminhfruits.vn\/en\/wp-json\/wp\/v2\/product"}],"about":[{"href":"https:\/\/anminhfruits.vn\/en\/wp-json\/wp\/v2\/types\/product"}],"replies":[{"embeddable":true,"href":"https:\/\/anminhfruits.vn\/en\/wp-json\/wp\/v2\/comments?post=85"}],"wp:featuredmedia":[{"embeddable":true,"href":"https:\/\/anminhfruits.vn\/en\/wp-json\/wp\/v2\/media\/2411"}],"wp:attachment":[{"href":"https:\/\/anminhfruits.vn\/en\/wp-json\/wp\/v2\/media?parent=85"}],"wp:term":[{"taxonomy":"product_cat","embeddable":true,"href":"https:\/\/anminhfruits.vn\/en\/wp-json\/wp\/v2\/product_cat?post=85"},{"taxonomy":"product_tag","embeddable":true,"href":"https:\/\/anminhfruits.vn\/en\/wp-json\/wp\/v2\/product_tag?post=85"}],"curies":[{"name":"wp","href":"https:\/\/api.w.org\/{rel}","templated":true}]}}