{"id":1545,"date":"2023-10-17T23:04:15","date_gmt":"2023-10-17T16:04:15","guid":{"rendered":"https:\/\/anminhbuilding.vn\/san-pham\/le-nau-han-quoc\/"},"modified":"2023-10-24T16:24:49","modified_gmt":"2023-10-24T09:24:49","slug":"le-nau-han-quoc","status":"publish","type":"product","link":"https:\/\/anminhfruits.vn\/en\/san-pham\/le-nau-han-quoc\/","title":{"rendered":"L\u00ea N\u00e2u H\u00e0n Qu\u1ed1c"},"content":{"rendered":"<div class=\"product-short-description\">\n<h4><\/h4>\n<h4><\/h4>\n<h4><strong>Thai Rambutan &amp; Nhan Rambutan<\/strong><\/h4>\n<table border=\"1\">\n<tbody>\n<tr>\n<td><\/td>\n<td>Thai Rambutan<\/td>\n<td>Nhan Rambutan<\/td>\n<\/tr>\n<tr>\n<td>Brix<\/td>\n<td>18 \u2013 22%<\/td>\n<td>18 \u2013 22%<\/td>\n<\/tr>\n<tr>\n<td>Size<\/td>\n<td>28 \u2013 32 fruits\/kg<\/td>\n<td>28 \u2013 35 fruits\/kg<\/td>\n<\/tr>\n<tr>\n<td>Ingredients<\/td>\n<td>100% rambutan<\/td>\n<td>100% rambutan<\/td>\n<\/tr>\n<tr>\n<td>Seasons<\/td>\n<td>Year-round<\/td>\n<td>Year-round<\/td>\n<\/tr>\n<tr>\n<td>Storage Condition<\/td>\n<td>Fresh 16 \u00f7 18<sup>o <\/sup>C<\/td>\n<td>Fresh 16 \u00f7 18<sup>o <\/sup>C<\/td>\n<\/tr>\n<tr>\n<td>Shelf Life<\/td>\n<td>Fresh 7 days<\/td>\n<td>Fresh 7 days<\/td>\n<\/tr>\n<\/tbody>\n<\/table>\n<h4><strong>Java Rambutan<\/strong><\/h4>\n<table border=\"1\">\n<tbody>\n<tr>\n<td><\/td>\n<td>Java Rambutan<\/td>\n<\/tr>\n<tr>\n<td>Brix<\/td>\n<td>18 \u2013 22%<\/td>\n<\/tr>\n<tr>\n<td>Size<\/td>\n<td>28 \u2013 32 fruits\/kg<\/td>\n<\/tr>\n<tr>\n<td>Ingredients<\/td>\n<td>100% rambutan<\/td>\n<\/tr>\n<tr>\n<td>Seasons<\/td>\n<td>Year-round<\/td>\n<\/tr>\n<tr>\n<td>Storage Condition<\/td>\n<td>Fresh 16 \u00f7 18<sup>o <\/sup>C<\/td>\n<\/tr>\n<tr>\n<td>Shelf Life<\/td>\n<td>Fresh 7 days<\/td>\n<\/tr>\n<\/tbody>\n<\/table>\n<\/div>\n<div class=\"product_meta\"><span class=\"posted_in\">Category: Export fruit<\/span><\/div>\n<div>In Vietnam before, people usually process coconuts to take copra, coconut milk, make coconut oil, or dry into copra. Nowadays, copra is also processed into many other products such as coconut milk powder, dried grated copra, frozen copra, and so on, or coconut milk extracted from copra can be used as fat for many other foods such as coconut candy, coconut jam, glutinous rice chupatty, ricepaper, local dishes, etc. Copra braised with pork is one of the daily dishes of Vietnamese people.<\/div>\n<div><\/div>\n<div><\/div>\n","protected":false},"excerpt":{"rendered":"<p><strong>24\/7 Contact<\/strong><br \/>\n<em>Email: sales@anminhbuilding.vn<\/em><br \/>\n<em>Hotline: 02 437 617 462<\/em><\/p>\n","protected":false},"featured_media":2418,"comment_status":"open","ping_status":"closed","template":"","meta":{"site-sidebar-layout":"default","site-content-layout":"","ast-site-content-layout":"default","site-content-style":"default","site-sidebar-style":"default","ast-global-header-display":"","ast-banner-title-visibility":"","ast-main-header-display":"","ast-hfb-above-header-display":"","ast-hfb-below-header-display":"","ast-hfb-mobile-header-display":"","site-post-title":"","ast-breadcrumbs-content":"","ast-featured-img":"","footer-sml-layout":"","theme-transparent-header-meta":"default","adv-header-id-meta":"","stick-header-meta":"default","header-above-stick-meta":"","header-main-stick-meta":"","header-below-stick-meta":"","astra-migrate-meta-layouts":"set"},"product_cat":[49],"product_tag":[],"class_list":["post-1545","product","type-product","status-publish","has-post-thumbnail","hentry","product_cat-pear","desktop-align-left","tablet-align-left","mobile-align-left","ast-product-gallery-layout-horizontal-slider","ast-product-tabs-layout-horizontal"],"acf":[],"_links":{"self":[{"href":"https:\/\/anminhfruits.vn\/en\/wp-json\/wp\/v2\/product\/1545","targetHints":{"allow":["GET"]}}],"collection":[{"href":"https:\/\/anminhfruits.vn\/en\/wp-json\/wp\/v2\/product"}],"about":[{"href":"https:\/\/anminhfruits.vn\/en\/wp-json\/wp\/v2\/types\/product"}],"replies":[{"embeddable":true,"href":"https:\/\/anminhfruits.vn\/en\/wp-json\/wp\/v2\/comments?post=1545"}],"wp:featuredmedia":[{"embeddable":true,"href":"https:\/\/anminhfruits.vn\/en\/wp-json\/wp\/v2\/media\/2418"}],"wp:attachment":[{"href":"https:\/\/anminhfruits.vn\/en\/wp-json\/wp\/v2\/media?parent=1545"}],"wp:term":[{"taxonomy":"product_cat","embeddable":true,"href":"https:\/\/anminhfruits.vn\/en\/wp-json\/wp\/v2\/product_cat?post=1545"},{"taxonomy":"product_tag","embeddable":true,"href":"https:\/\/anminhfruits.vn\/en\/wp-json\/wp\/v2\/product_tag?post=1545"}],"curies":[{"name":"wp","href":"https:\/\/api.w.org\/{rel}","templated":true}]}}