{"id":106,"date":"2023-10-13T09:32:45","date_gmt":"2023-10-13T02:32:45","guid":{"rendered":"https:\/\/anminhbuilding.vn\/?post_type=product&#038;p=106"},"modified":"2023-12-09T09:45:37","modified_gmt":"2023-12-09T02:45:37","slug":"guava","status":"publish","type":"product","link":"https:\/\/anminhfruits.vn\/en\/san-pham\/guava\/","title":{"rendered":"Cherry"},"content":{"rendered":"<h3>Ngu\u1ed3n g\u1ed1c<\/h3>\n<p>\u00dac<\/p>\n<h3>S\u1ed1 l\u01b0\u1ee3ng<\/h3>\n<p>Cherry size 28<\/p>\n<h3>T\u00f3m t\u1eaft<\/h3>\n<p>Qu\u1ea3 cherry c\u00f2n \u0111\u01b0\u1ee3c bi\u1ebft \u0111\u1ebfn v\u1edbi t\u00ean g\u1ecdi l\u00e0 &#8220;qu\u1ea3 anh \u0111\u00e0o&#8221;. L\u00e0 m\u1ed9t lo\u1ea1i c\u00e2y thu\u1ed9c c\u00e2y th\u00e2n g\u1ed7, nhi\u1ec1u c\u00e0nh nh\u00e1nh, s\u1ed1ng l\u00e2u n\u0103m v\u00e0 c\u00f3 chi\u1ec1u cao l\u00ean \u0111\u1ebfn 10m. Cherry m\u1ecdc th\u00e0nh ch\u00f9m tr\u00ean cu\u1ed1ng d\u00e0i. Ban \u0111\u1ea7u qu\u1ea3 cherry c\u00f3 m\u00e0u xanh, khi ch\u00edn c\u00f3 m\u00e0u \u0111\u1ecf m\u1ecdng, m\u00e0u v\u00e0ng ho\u1eb7c \u0111en, \u0111\u01b0\u1eddng k\u00ednh qu\u1ea3 kho\u1ea3ng 2,5cm.<\/p>\n<p>Cherry \u00dac c\u00f3 v\u1ecf gi\u00f2n, \u0111\u1ecf h\u01a1i t\u00edm, kh\u00f4ng b\u00f3ng nh\u01b0 cherry M\u1ef9. Tuy nhi\u00ean, ch\u1ea5t l\u01b0\u1ee3ng c\u1ee7a cherry \u0111\u01b0\u1ee3c \u0111\u00e1nh gi\u00e1 l\u00e0 ngon h\u01a1n h\u1eb3n c\u00e1c lo\u1ea1i cherry c\u00e1c n\u01b0\u1edbc v\u1ec1 \u0111\u1ed9 ng\u1ecdt. H\u01a1n n\u1eefa, cherry \u00dac l\u00e0 m\u00f9a cherry \u0111\u01b0\u1ee3c ch\u1edd \u0111\u1ee3i nh\u1ea5t trong n\u0103m v\u00ec g\u1ea7n \u0111\u1ebfn m\u00f9a Gi\u00e1ng Sinh v\u00e0 T\u1ebft c\u1ed5 truy\u1ec1n c\u1ee7a Vi\u1ec7t Nam. R\u1ea5t th\u00edch h\u1ee3p cho vi\u1ec7c bi\u1ebfu t\u1eb7ng v\u00e0 th\u01b0\u1edfng th\u1ee9c v\u00e0o d\u1ecbp sum h\u1ecdp v\u1edbi b\u1ea1n b\u00e8, gia \u0111\u00ecnh. Ch\u1ee7ng Sweetheart (\u0111\u01b0\u1ee3c g\u1ecdi nh\u01b0 v\u1eady ch\u1eafc l\u00e0 do tr\u00e1i c\u00f3 h\u00ecnh ki\u1ec3u qu\u1ea3 tim) \u0111\u01b0\u1ee3c \u01b0a chu\u1ed9ng nh\u1ea5t \u1edf th\u1ecb tr\u01b0\u1eddng n\u01b0\u1edbc ngo\u00e0i.<\/p>\n<p>Cherry \u00dac c\u00f3 th\u1ec3 \u0111\u01b0\u1ee3c \u0111\u00f3ng th\u00f9ng 5kg, 9kg ho\u1eb7c trong h\u1ed9p carton 2kg \u0111\u1ec3 d\u00e0nh l\u00e0m qu\u00e0 t\u1eb7ng.<\/p>\n<h3>V\u1ecb<\/h3>\n<p>Qu\u1ea3 gi\u00f2n, ng\u1ecdt, cu\u1ed1ng t\u01b0\u01a1i<\/p>\n<h3>Dinh d\u01b0\u1ee1ng<\/h3>\n<p>&#8211; Qu\u1ea3 cherry r\u1ea5t t\u1ed1t cho nh\u1eefng ng\u01b0\u1eddi b\u1ecb cao huy\u1ebft \u00e1p. \u0110\u00e2y c\u0169ng l\u00e0 m\u1ed9t trong nh\u1eefng lo\u1ea1i qu\u1ea3 gi\u00fap b\u1ea1n lo\u1ea1i b\u1ecf \u0111\u01b0\u1ee3c m\u1ee9c \u0111\u1ed9 cholesterol x\u1ea5u trong c\u01a1 th\u1ec3.<\/p>\n<p>&#8211; N\u1ebfu b\u1ea1n \u0103n cherry th\u01b0\u1eddng xuy\u00ean, t\u00ecnh tr\u1ea1ng m\u1ea5t ng\u1ee7 c\u1ee7a b\u1ea1n s\u1ebd \u0111\u01b0\u1ee3c c\u1ea3i thi\u1ec7n. Cherry ch\u1ee9a melatonin l\u00e0m cho gi\u1ea5c ng\u1ee7 s\u00e2u v\u00e0 ngon h\u01a1n.<\/p>\n<p>&#8211; Cherry l\u00e0 th\u1ef1c ph\u1ea9m t\u1ed1t cho n\u00e3o b\u1ed9, t\u0103ng tr\u00ed nh\u1edb b\u1edfi ch\u00fang ch\u1ee9a c\u00e1c ch\u1ea5t ch\u1ed1ng \u00f4xy h\u00f3a anthocyanin.<\/p>\n<p>&#8211; Cherry r\u1ea5t t\u1ed1t cho m\u1eaft. H\u00e0m l\u01b0\u1ee3ng vitamin A c\u00f3 trong cherry nhi\u1ec1u h\u01a1n kho\u1ea3ng 20 l\u1ea7n so v\u1edbi d\u00e2u t\u00e2y hay vi\u1ec7t qu\u1ea5t. Cherry ch\u1ee9a nhi\u1ec1u vitamin A v\u00e0 m\u1ed9t ph\u1ea7n c\u1ee7a vitamin n\u00e0y l\u00e0 beta carotene gi\u00fap th\u00fac \u0111\u1ea9y t\u1ea7m nh\u00ecn t\u1ed1t v\u00e0 gi\u1eef cho \u0111\u00f4i m\u1eaft c\u1ee7a b\u1ea1n kh\u1ecfe m\u1ea1nh.<\/p>\n<p>&#8211; \u0102n cherry th\u01b0\u1eddng xuy\u00ean c\u00f3 th\u1ec3 ph\u00f2ng ng\u1eeba ung th\u01b0 b\u1edfi ch\u00fang ch\u1ee9a ch\u1ea5t ch\u1ed1ng \u00f4xy h\u00f3a c\u00f3 t\u00e1c d\u1ee5ng ng\u0103n ch\u1eb7n c\u00e1c g\u1ed1c t\u1ef1 do g\u00e2y t\u1ed5n th\u01b0\u01a1ng t\u1ebf b\u00e0o v\u00e0 m\u00f4, l\u00e0m gi\u1ea3m nguy c\u01a1 ung th\u01b0 v\u00e0 ch\u1eadm qu\u00e1 tr\u00ecnh l\u00e3o h\u00f3a.<\/p>\n<p>&#8211; Cherry c\u0169ng gi\u00fap gi\u1ea3m nguy c\u01a1 m\u1eafc b\u1ec7nh ti\u1ec3u \u0111\u01b0\u1eddng b\u1edfi ch\u1ea5t anthocyanin l\u00e0m t\u0103ng kh\u1ea3 n\u0103ng s\u1ea3n sinh insulin.<\/p>\n<p>&#8211; Cu\u1ed1i c\u00f9ng, cherry c\u00f3 kh\u1ea3 n\u0103ng kh\u00e1ng vi\u00eam m\u1ea1nh m\u1ebd. Nh\u1eefng b\u1ec7nh nh\u00e2n b\u1ecb vi\u00eam kh\u1edbp hay c\u00e1c v\u1eadn \u0111\u1ed9ng vi\u00ean n\u1ebfu u\u1ed1ng n\u01b0\u1edbc tr\u00e1i c\u00e2y cherry pha lo\u00e3ng 3 l\u1ea7n\/ng\u00e0y, t\u00ecnh tr\u1ea1ng s\u1ee9c kh\u1ecfe s\u1ebd \u0111\u01b0\u1ee3c c\u1ea3i thi\u1ec7n.<\/p>\n<h3>B\u1ea3o qu\u1ea3n<\/h3>\n<p><strong>\u2022 Tr\u00e1nh \u00e1nh n\u1eafng m\u1eb7t tr\u1eddi:<\/strong>\u00a0N\u00ean \u0111\u1eb7t ch\u00fang \u1edf n\u01a1i t\u1ed1i, nhi\u1ec7t \u0111\u1ed9 m\u00e1t, kh\u00f4ng n\u00ean \u0111\u1ec3 anh \u0111\u00e0o \u1edf nh\u1eefng n\u01a1i c\u00f3 nhi\u1ec1u \u00e1nh n\u1eafng m\u1eb7t tr\u1eddi v\u00ec da qu\u1ea3 s\u1ebd nh\u0103n l\u1ea1i v\u00e0 kh\u00f4ng c\u00f2n th\u01a1m ngon nh\u01b0 tr\u01b0\u1edbc n\u1eefa.<\/p>\n<p><strong>\u2022 R\u1eeda qu\u1ea3 cherry:\u00a0<\/strong>B\u1ea1n n\u00ean r\u1eeda th\u1eadt k\u1ef9 v\u00e0 sau \u0111\u00f3 lau kh\u00f4 b\u1eb1ng kh\u0103n gi\u1ea5y.<\/p>\n","protected":false},"excerpt":{"rendered":"<p><strong>24\/7 Contact<\/strong><br \/>\n<em>Email:\u00a0sales@anminhbuilding.vn<\/em><br \/>\n<em>Hotline:\u00a002 437 617 462<\/em><\/p>\n","protected":false},"featured_media":2451,"comment_status":"open","ping_status":"closed","template":"","meta":{"site-sidebar-layout":"default","site-content-layout":"","ast-site-content-layout":"default","site-content-style":"default","site-sidebar-style":"default","ast-global-header-display":"","ast-banner-title-visibility":"","ast-main-header-display":"","ast-hfb-above-header-display":"","ast-hfb-below-header-display":"","ast-hfb-mobile-header-display":"","site-post-title":"","ast-breadcrumbs-content":"","ast-featured-img":"","footer-sml-layout":"","theme-transparent-header-meta":"default","adv-header-id-meta":"","stick-header-meta":"default","header-above-stick-meta":"","header-main-stick-meta":"","header-below-stick-meta":"","astra-migrate-meta-layouts":"set"},"product_cat":[27],"product_tag":[],"class_list":["post-106","product","type-product","status-publish","has-post-thumbnail","hentry","product_cat-cherry","desktop-align-left","tablet-align-left","mobile-align-left","ast-product-gallery-layout-horizontal-slider","ast-product-tabs-layout-horizontal"],"acf":[],"_links":{"self":[{"href":"https:\/\/anminhfruits.vn\/en\/wp-json\/wp\/v2\/product\/106","targetHints":{"allow":["GET"]}}],"collection":[{"href":"https:\/\/anminhfruits.vn\/en\/wp-json\/wp\/v2\/product"}],"about":[{"href":"https:\/\/anminhfruits.vn\/en\/wp-json\/wp\/v2\/types\/product"}],"replies":[{"embeddable":true,"href":"https:\/\/anminhfruits.vn\/en\/wp-json\/wp\/v2\/comments?post=106"}],"wp:featuredmedia":[{"embeddable":true,"href":"https:\/\/anminhfruits.vn\/en\/wp-json\/wp\/v2\/media\/2451"}],"wp:attachment":[{"href":"https:\/\/anminhfruits.vn\/en\/wp-json\/wp\/v2\/media?parent=106"}],"wp:term":[{"taxonomy":"product_cat","embeddable":true,"href":"https:\/\/anminhfruits.vn\/en\/wp-json\/wp\/v2\/product_cat?post=106"},{"taxonomy":"product_tag","embeddable":true,"href":"https:\/\/anminhfruits.vn\/en\/wp-json\/wp\/v2\/product_tag?post=106"}],"curies":[{"name":"wp","href":"https:\/\/api.w.org\/{rel}","templated":true}]}}